{"id":64,"date":"2016-11-14T19:39:40","date_gmt":"2016-11-14T17:39:40","guid":{"rendered":"http:\/\/www.scoalademuzica3.ro\/?page_id=64"},"modified":"2017-05-17T22:39:13","modified_gmt":"2017-05-17T20:39:13","slug":"istoric","status":"publish","type":"page","link":"https:\/\/scoalademuzica3.ro\/?page_id=64","title":{"rendered":"Istoric"},"content":{"rendered":"<h3 style=\"text-align: left;\">\u00a0 \u00a0 \u00a0 \u00a0 \u00a0 \u00a0 \u00a0 \u00a0 \u00a0 \u00a0 \u00a0 \u00a0\u00cenfiin\u021bat\u0103 \u00een anul 1958, \u0218coala Gimnazial\u0103 de Arte Nr. 3\u00a0 din Bucure\u015fti este <strong>o \u015fcoal\u0103 cu program suplimentar pentru activit\u0103\u0163i artistice<\/strong> care valorific\u0103 cu demnitate \u0219i con\u0219tiin\u021b\u0103 profesional\u0103 tradi\u021biile culturii muzicale \u0219i, \u00een acela\u0219i timp, tinde spre\u00a0 continuarea acestora \u00eentr-un mod modern, adaptat cerin\u021belor societ\u0103\u021bii actuale.<\/h3>\n<h3>\u00a0 \u00a0 \u00a0 \u00a0 \u00a0 \u00a0 \u00a0 \u00a0 \u00a0 \u00a0 \u00a0 \u015ecoala func\u0163ioneaz\u0103 sub coordonarea MEC, permi\u0163\u00e2nd elevilor de la unit\u0103\u0163ile de \u00eenv\u0103\u0163\u0103m\u00e2nt de cultur\u0103 general\u0103 derularea activit\u0103\u0163ilor artistice \u00eentr-un cadru de specialitate adecvat.<\/h3>\n<h3>\u00a0 \u00a0 \u00a0 \u00a0 \u00a0 \u00a0 \u00a0 \u00a0 \u00a0 \u00a0 \u00a0Este un <strong>\u00eenv\u0103\u0163\u0103m\u00e2nt de stat<\/strong>, la care au acces to\u0163i elevii cu <strong>aptitudini artistice<\/strong> din \u00eenv\u0103\u0163\u0103m\u00e2ntul primar \u015fi gimnazial. Cursurile de desf\u0103\u015foar\u0103 dup\u0103 un orar flexibil, adaptat timpului liber al elevilor \u015fi programului urmat de ace\u015ftia \u00een cadrul \u015fcolilor de cultur\u0103 general\u0103.<\/h3>\n<h3>\u00a0 \u00a0 \u00a0 \u00a0 \u00a0 \u00a0 \u00a0 \u00a0 \u00a0 \u00a0 Astfel, de la \u00eenfiin\u021barea \u0219colii \u00een anul 1958 sub denumirea de \u0218coala Special\u0103 de Arte nr. 3 \u0219i p\u00e2n\u0103 \u00een anul 1964, c\u00e2nd s-a relocat la actuala adres\u0103, \u0219coala a func\u021bionat \u00een Raionul Gheorghe Gheorghiu Dej, Prelungirea Cr\u00e2nga\u0219i nr. 142.<\/h3>\n<h3>\u00a0 \u00a0 \u00a0 \u00a0 \u00a0 \u00a0 \u00a0 \u00a0 \u00a0 \u00a0P\u00e2n\u0103 \u00een 1980, \u015fcoala a apar\u0163inut de sectorul 7, iar de atunci de sectorul 1.<\/h3>\n<h3>\u00a0 \u00a0 \u00a0 \u00a0 \u00a0 \u00a0 \u00a0 \u00a0 \u00a0 \u00a0\u00cen prezent, arhiva \u015ecolii Gimnaziale de Arte Nr. 3, cunoscut\u0103 \u0219i sub denumirea de \u201dCuibul cu Barza\u201d dup\u0103 numele sub care era cunoscut\u0103 strada, ca \u015fi biserica, azi monument istoric de mare importan\u0163\u0103, nu mai are \u00een proprietate documente care s\u0103 ateste istoria \u0219colii \u00eentruc\u00e2t, \u00een anul 2006 au \u00eenceput lucr\u0103rile de reabilitare a cl\u0103dirii situate pe \u0218tirbei Vod\u0103 nr. 101, iar p\u00e2n\u0103 la finalizarea acestora, documentele au fost distruse din cauza inunda\u021biei.<\/h3>\n<p><img loading=\"lazy\" decoding=\"async\" class=\"wp-image-174 alignright\" src=\"https:\/\/scoalademuzica3.ro\/wp-content\/uploads\/2016\/11\/scoala1-300x189.png\" alt=\"scoala1\" width=\"553\" height=\"349\" srcset=\"https:\/\/scoalademuzica3.ro\/wp-content\/uploads\/2016\/11\/scoala1-300x189.png 300w, https:\/\/scoalademuzica3.ro\/wp-content\/uploads\/2016\/11\/scoala1.png 587w\" sizes=\"auto, (max-width: 553px) 100vw, 553px\" \/><\/p>\n<h3>\u00a0 \u00a0 \u00a0 \u00a0 \u00a0 \u00a0 \u00a0 \u00a0 \u00a0Faptul c\u0103 mul\u0163i dintre elevii \u015fcolii noastre frecventeaz\u0103 cursurile \u015ecolii Gimnaziale \u201dUruguay\u201d aflat\u0103 \u00een apropiere, ca \u015fi eforturile profesoarelor de art\u0103 plastic\u0103 \u015fi muzic\u0103, face ca numeroase desene ale elevilor nostri s\u0103 \u00eempodobeasc\u0103 permanent holul central al acesteia \u015fi s\u0103 participe la concursurile organizate \u00een colaborare cu Biblioteca Public\u0103 \u201cMarin Preda\u201d \u015fi programe muzicale de excep\u0163ie s\u0103 \u00eenc\u00e2nte urechile spectatorilor la serb\u0103rile organizate.<\/h3>\n<h3>\u00a0 \u00a0 \u00a0 \u00a0 \u00a0 \u00a0 \u00a0 \u00a0 \u00a0Cadrele didactice ale \u015fcolii sunt preocupate de dezvoltarea interesului pentru art\u0103 al elevilor, prin organizarea \u0219i participarea la numeroase excursii \u0219i tabere de muzic\u0103, concerte \u0219i expozi\u021bii \u00een parteneriate cu funda\u021bii.<\/h3>\n<h3>\u00a0 \u00a0 \u00a0 \u00a0 \u00a0 \u00a0 \u00a0 \u00a0 Numero\u015fi elevi ai \u015fcolii s-au eviden\u0163iat ca soli\u015fti vocali sau instrumenti\u015fti la concursurile regionale sau na\u021bionale.<\/h3>\n<h3><img loading=\"lazy\" decoding=\"async\" class=\" wp-image-176 alignleft\" src=\"https:\/\/scoalademuzica3.ro\/wp-content\/uploads\/2016\/11\/scoala2-300x211.png\" alt=\"scoala2\" width=\"475\" height=\"334\" srcset=\"https:\/\/scoalademuzica3.ro\/wp-content\/uploads\/2016\/11\/scoala2-300x211.png 300w, https:\/\/scoalademuzica3.ro\/wp-content\/uploads\/2016\/11\/scoala2-768x541.png 768w, https:\/\/scoalademuzica3.ro\/wp-content\/uploads\/2016\/11\/scoala2.png 976w\" sizes=\"auto, (max-width: 475px) 100vw, 475px\" \/>Eforturile sus\u0163inute ale catedrelor, studiul intensiv al instrumentelor (pian, vioar\u0103, viol\u0103, violoncel, chitar\u0103, oboi, flaut, clarinet, fagot), precum \u015fi interesul pentru cunoa\u015fterea \u015fi aprofundarea elementelor de limbaj muzical, au condus la ob\u0163inerea unor frumoase rezultate la concursurile organizate at\u00e2t pe plan na\u021bional, c\u00e2t \u0219i pe plan interna\u021bional.<\/h3>\n<h3><\/h3>\n<h3>\u00a0 \u00a0 \u00a0 \u00a0 \u00a0 \u00a0 \u00a0 \u00a0 Atra\u015fi de muzic\u0103 \u0219i arte, mul\u0163i dintre elevii \u015fcolii provin \u015fi din alte circumscrip\u0163ii \u015fcolare, constat\u00e2ndu-se, de la an la an, o cre\u015ftere a num\u0103rului cererilor de \u00eenscriere.<\/h3>\n<h3>\u00a0 \u00a0 \u00a0 \u00a0 \u00a0 \u00a0 \u00a0 \u00a0 \u00cen jur de 45 de cadre didactice, \u00een majoritate titulare \u00een \u015fcoal\u0103, cu experien\u0163\u0103 \u015fi grade didactice, formeaz\u0103 personalitatea elevilor \u00een spritul aprecierii valorilor artei \u0219i ale culturii universale.<\/h3>\n<h3>\u00a0 \u00a0 \u00a0 \u00a0 \u00a0 \u00a0 \u00a0 \u00a0 \u00cen vederea desf\u0103\u0219ur\u0103rii \u00een bune condi\u021bii a activit\u0103\u021bilor educa\u021bional-voca\u021bionale, \u00een decursul ultimilor ani, \u0219coala a fost dotat\u0103 cu instrumente muzicale cu coarde, viori, viole, violoncel, harp\u0103 de concert, chitar\u0103 clasic\u0103, instrumente performate adecvate at\u00e2t procesului de \u00eenv\u0103\u021b\u0103m\u00e2nt, c\u00e2t \u0219i sus\u021binerii de concerte, pian de concert cu coad\u0103, pianin\u0103 mecanic\u0103, flaut, oboi, clarinet, fagot, chitar\u0103 electric\u0103, xilofon.<\/h3>\n","protected":false},"excerpt":{"rendered":"<p>\u00a0 \u00a0 \u00a0 \u00a0 \u00a0 \u00a0 \u00a0 \u00a0 \u00a0 \u00a0 \u00a0 \u00a0\u00cenfiin\u021bat\u0103 \u00een anul 1958, \u0218coala Gimnazial\u0103 de Arte Nr. <a href=\"https:\/\/scoalademuzica3.ro\/?page_id=64\" class=\"btn-link\">Continu\u0103 aici<i class=\"ion-ios-arrow-right\"><\/i><\/a><\/p>\n","protected":false},"author":1,"featured_media":0,"parent":0,"menu_order":0,"comment_status":"closed","ping_status":"closed","template":"","meta":{"footnotes":""},"class_list":["post-64","page","type-page","status-publish","hentry"],"_links":{"self":[{"href":"https:\/\/scoalademuzica3.ro\/index.php?rest_route=\/wp\/v2\/pages\/64","targetHints":{"allow":["GET"]}}],"collection":[{"href":"https:\/\/scoalademuzica3.ro\/index.php?rest_route=\/wp\/v2\/pages"}],"about":[{"href":"https:\/\/scoalademuzica3.ro\/index.php?rest_route=\/wp\/v2\/types\/page"}],"author":[{"embeddable":true,"href":"https:\/\/scoalademuzica3.ro\/index.php?rest_route=\/wp\/v2\/users\/1"}],"replies":[{"embeddable":true,"href":"https:\/\/scoalademuzica3.ro\/index.php?rest_route=%2Fwp%2Fv2%2Fcomments&post=64"}],"version-history":[{"count":9,"href":"https:\/\/scoalademuzica3.ro\/index.php?rest_route=\/wp\/v2\/pages\/64\/revisions"}],"predecessor-version":[{"id":181,"href":"https:\/\/scoalademuzica3.ro\/index.php?rest_route=\/wp\/v2\/pages\/64\/revisions\/181"}],"wp:attachment":[{"href":"https:\/\/scoalademuzica3.ro\/index.php?rest_route=%2Fwp%2Fv2%2Fmedia&parent=64"}],"curies":[{"name":"wp","href":"https:\/\/api.w.org\/{rel}","templated":true}]}}