{"id":53,"date":"2016-11-14T19:37:09","date_gmt":"2016-11-14T17:37:09","guid":{"rendered":"http:\/\/www.scoalademuzica3.ro\/?page_id=53"},"modified":"2019-06-01T13:31:30","modified_gmt":"2019-06-01T11:31:30","slug":"arte-plastice","status":"publish","type":"page","link":"https:\/\/scoalademuzica3.ro\/?page_id=53","title":{"rendered":"Arte plastice"},"content":{"rendered":"<p style=\"text-align: center;\"><\/p>\n<p style=\"text-align: center;\"><strong><img loading=\"lazy\" decoding=\"async\" class=\"alignleft wp-image-515\" src=\"https:\/\/scoalademuzica3.ro\/wp-content\/uploads\/2019\/06\/grafica1-300x163.png\" alt=\"\" width=\"191\" height=\"104\" srcset=\"https:\/\/scoalademuzica3.ro\/wp-content\/uploads\/2019\/06\/grafica1-300x163.png 300w, https:\/\/scoalademuzica3.ro\/wp-content\/uploads\/2019\/06\/grafica1.png 471w\" sizes=\"(max-width: 191px) 100vw, 191px\" \/>SCOALA GIMNAZIALA DE ARTE NR.3<img loading=\"lazy\" decoding=\"async\" class=\"wp-image-515 alignright\" src=\"https:\/\/scoalademuzica3.ro\/wp-content\/uploads\/2019\/06\/grafica1-300x163.png\" alt=\"\" width=\"191\" height=\"104\" srcset=\"https:\/\/scoalademuzica3.ro\/wp-content\/uploads\/2019\/06\/grafica1-300x163.png 300w, https:\/\/scoalademuzica3.ro\/wp-content\/uploads\/2019\/06\/grafica1.png 471w\" sizes=\"(max-width: 191px) 100vw, 191px\" \/><\/strong><\/p>\n<h3 style=\"text-align: center;\">Testare aptitudini:<\/h3>\n<h3 style=\"text-align: center;\">Arte plastice<\/h3>\n<h3 style=\"text-align: center;\">Clasele V-VIII<\/h3>\n<p style=\"text-align: left; padding-left: 30px;\"><strong>\u00censcrierea<\/strong> candida\u021bilor se face \u00een sediul Scolii gimnaziale de arte nr.3 str. Stirbei Voda nr.101, in intervalul 22 mai \u2013 07 Iunie 2019<\/p>\n<p style=\"text-align: center;\"><strong>Acte necesare:<\/strong><\/p>\n<p style=\"text-align: center;\">certificatul de na\u0219tere \u00een original \u0219i copie<\/p>\n<p style=\"text-align: center;\">cerere de inscriere(se obtine de la secretariat)<\/p>\n<p style=\"text-align: center;\"><strong>Probe de aptitudini<\/strong><\/p>\n<ol style=\"text-align: center;\">\n<li><strong>Proba de desen<\/strong><\/li>\n<\/ol>\n<p style=\"padding-left: 30px; text-align: center;\"><strong>Observa\u021bie dup\u0103 natur\u0103:<\/strong>\u00a0natur\u0103 static\u0103 alc\u0103tuit\u0103 din dou\u0103 obiecte (vas de lut + fruct sau legum\u0103).<br \/>\n<strong>Tehnic\u0103:<\/strong>\u00a0desen \u00een creion pe coal\u0103 format A3<\/p>\n<p style=\"text-align: center;\"><strong>Materiale de lucru:<\/strong><\/p>\n<ul style=\"text-align: center;\">\n<li>bloc pentru desen, format A3<\/li>\n<li>creioane de desen HB, B, 2B,3B<\/li>\n<li>gum\u0103 de \u0219ters<\/li>\n<\/ul>\n<ol style=\"text-align: center;\" start=\"2\">\n<li><strong>Proba de pictur\u0103<\/strong><\/li>\n<\/ol>\n<p style=\"text-align: center;\"><strong>Compozi\u021bie cu personaje, \u00een culoare<\/strong>\u00a0&#8211; pe un subiect dat de comisie.<br \/>\n<strong>Tehnic\u0103:<\/strong>\u00a0culori de ap\u0103.(tempera)<\/p>\n<p style=\"text-align: center;\"><strong>\u00a0<\/strong><strong>Materiale de lucru:<\/strong><\/p>\n<ul style=\"text-align: center;\">\n<li>creioane HB,B1,B2<\/li>\n<li>bloc format A3<\/li>\n<li>culori de ap\u0103 (tempera )<\/li>\n<li>pensule cu p\u0103r sintetic<\/li>\n<li>palet\u0103 pentru amestecul culorilor<\/li>\n<li>vas stabil pentru ap\u0103<\/li>\n<li>servetele<\/li>\n<\/ul>\n<p style=\"text-align: center;\"><strong>Criterii de apreciere:<\/strong><\/p>\n<p style=\"text-align: center;\"><strong>-paginatie,proportie,originalitate,creativitate.<\/strong><\/p>\n<p style=\"text-align: center;\">Desf\u0103\u0219urarea probelor de aptitudini<\/p>\n<p style=\"text-align: center;\"><strong>Probele de aptitudini se vor desf\u0103\u0219ura dup\u0103 urm\u0103torul program:<\/strong><\/p>\n<ol style=\"text-align: center;\">\n<li>Proba de desen &#8211; 07 \u00a0iunie 2019\u00a0 \u00a0orele 10-12<\/li>\n<li>Proba de pictur\u0103 &#8211; 07 iunie 2019\u00a0\u00a0\u00a0 orele 13-16<\/li>\n<\/ol>\n<p style=\"text-align: center;\"><strong>Timpul de lucru va fi de 2 ore<\/strong><\/p>\n<h4 style=\"padding-left: 30px; text-align: center;\"><strong>Afi\u0219area rezultatelor<\/strong><\/h4>\n<p style=\"text-align: center;\">Afi\u0219area rezultatelor se va face\u00a0<strong>luni 10 iunie 2019, dupa ora 13<\/strong>\u00a0\u00een sediul <strong>Scolii gimnaziale de arte nr. 3<\/strong><\/p>\n","protected":false},"excerpt":{"rendered":"<p>SCOALA GIMNAZIALA DE ARTE NR.3 Testare aptitudini: Arte plastice Clasele V-VIII \u00censcrierea candida\u021bilor se face \u00een sediul Scolii gimnaziale de <a href=\"https:\/\/scoalademuzica3.ro\/?page_id=53\" class=\"btn-link\">Continu\u0103 aici<i class=\"ion-ios-arrow-right\"><\/i><\/a><\/p>\n","protected":false},"author":1,"featured_media":0,"parent":0,"menu_order":0,"comment_status":"closed","ping_status":"closed","template":"","meta":{"footnotes":""},"_links":{"self":[{"href":"https:\/\/scoalademuzica3.ro\/index.php?rest_route=\/wp\/v2\/pages\/53"}],"collection":[{"href":"https:\/\/scoalademuzica3.ro\/index.php?rest_route=\/wp\/v2\/pages"}],"about":[{"href":"https:\/\/scoalademuzica3.ro\/index.php?rest_route=\/wp\/v2\/types\/page"}],"author":[{"embeddable":true,"href":"https:\/\/scoalademuzica3.ro\/index.php?rest_route=\/wp\/v2\/users\/1"}],"replies":[{"embeddable":true,"href":"https:\/\/scoalademuzica3.ro\/index.php?rest_route=%2Fwp%2Fv2%2Fcomments&post=53"}],"version-history":[{"count":5,"href":"https:\/\/scoalademuzica3.ro\/index.php?rest_route=\/wp\/v2\/pages\/53\/revisions"}],"predecessor-version":[{"id":526,"href":"https:\/\/scoalademuzica3.ro\/index.php?rest_route=\/wp\/v2\/pages\/53\/revisions\/526"}],"wp:attachment":[{"href":"https:\/\/scoalademuzica3.ro\/index.php?rest_route=%2Fwp%2Fv2%2Fmedia&parent=53"}],"curies":[{"name":"wp","href":"https:\/\/api.w.org\/{rel}","templated":true}]}}